{"id":119,"date":"2018-03-08T15:44:57","date_gmt":"2018-03-08T14:44:57","guid":{"rendered":"http:\/\/localhost:8888\/PCASA%20new\/?page_id=119"},"modified":"2024-01-17T12:52:08","modified_gmt":"2024-01-17T11:52:08","slug":"segreteria","status":"publish","type":"page","link":"https:\/\/www.piccolacasa.org\/index.php\/segreteria\/","title":{"rendered":"Segreteria"},"content":{"rendered":"<p>La segreteria \u00e8 aperta al pubblico per consulenza in presenza o telefonica <strong>dal luned\u00ec al venerd\u00ec dalle ore 11:30 alle ore 13:00<\/strong>.<\/p>\n<hr \/>\n<p>Via L. Vinciguerra, 3 \u2013 64100 Teramo<\/p>\n<p>Tel.: 0861 739920<\/p>\n<p>Whatsapp: 353 322 9098<\/p>\n<p>Email: <a href=\"mailto:info@piccolacasa.org\">info@piccolacasa.org<\/a><\/p>\n<p>PEC: <a href=\"mailto:pcsantamariaaprutina@pec.it\">pcsantamariaaprutina@pec.it<\/a><\/p>\n<p>C.F. 80000070674<\/p>\n<p>Codice meccanografico infanzia: TE1A001005<\/p>\n<p>Codice meccanografico primaria: TE1EDS5004<\/p>\n","protected":false},"excerpt":{"rendered":"<p>La segreteria \u00e8 aperta al pubblico per consulenza in presenza o telefonica dal luned\u00ec al venerd\u00ec<\/p>\n<p><a class=\"more-link\" href=\"https:\/\/www.piccolacasa.org\/index.php\/segreteria\/\">Read More<\/a><\/p>\n","protected":false},"author":1,"featured_media":0,"parent":0,"menu_order":0,"comment_status":"closed","ping_status":"closed","template":"","meta":[],"_links":{"self":[{"href":"https:\/\/www.piccolacasa.org\/index.php\/wp-json\/wp\/v2\/pages\/119"}],"collection":[{"href":"https:\/\/www.piccolacasa.org\/index.php\/wp-json\/wp\/v2\/pages"}],"about":[{"href":"https:\/\/www.piccolacasa.org\/index.php\/wp-json\/wp\/v2\/types\/page"}],"author":[{"embeddable":true,"href":"https:\/\/www.piccolacasa.org\/index.php\/wp-json\/wp\/v2\/users\/1"}],"replies":[{"embeddable":true,"href":"https:\/\/www.piccolacasa.org\/index.php\/wp-json\/wp\/v2\/comments?post=119"}],"version-history":[{"count":24,"href":"https:\/\/www.piccolacasa.org\/index.php\/wp-json\/wp\/v2\/pages\/119\/revisions"}],"predecessor-version":[{"id":2930,"href":"https:\/\/www.piccolacasa.org\/index.php\/wp-json\/wp\/v2\/pages\/119\/revisions\/2930"}],"wp:attachment":[{"href":"https:\/\/www.piccolacasa.org\/index.php\/wp-json\/wp\/v2\/media?parent=119"}],"curies":[{"name":"wp","href":"https:\/\/api.w.org\/{rel}","templated":true}]}}